{"id":1222,"date":"2018-08-31T17:14:55","date_gmt":"2018-08-31T20:14:55","guid":{"rendered":"https:\/\/isp6-sfe.infd.edu.ar\/sitio\/inscripcion-2018\/"},"modified":"2026-02-11T14:33:20","modified_gmt":"2026-02-11T17:33:20","slug":"inscripcion-2026","status":"publish","type":"page","link":"https:\/\/isp6-sfe.infd.edu.ar\/sitio\/inscripcion-2026\/","title":{"rendered":"Inscripci\u00f3n 2026"},"content":{"rendered":"<p>1er paso: completar el formulario de pre-inscripci\u00f3n disponible en<\/p>\n<p><a href=\"https:\/\/isp6-sfe.infd.edu.ar\/sitio\/wp-content\/uploads\/2026\/02\/qr-preinsripcion.jpg\"><img decoding=\"async\" loading=\"lazy\" class=\"aligncenter wp-image-3615 \" src=\"https:\/\/isp6-sfe.infd.edu.ar\/sitio\/wp-content\/uploads\/2026\/02\/qr-preinsripcion-500x500.jpg\" alt=\"Preinscripci\u00f3n  2026\" width=\"174\" height=\"174\" srcset=\"https:\/\/isp6-sfe.infd.edu.ar\/sitio\/wp-content\/uploads\/2026\/02\/qr-preinsripcion-500x500.jpg 500w, https:\/\/isp6-sfe.infd.edu.ar\/sitio\/wp-content\/uploads\/2026\/02\/qr-preinsripcion-1000x1000.jpg 1000w, https:\/\/isp6-sfe.infd.edu.ar\/sitio\/wp-content\/uploads\/2026\/02\/qr-preinsripcion-768x768.jpg 768w, https:\/\/isp6-sfe.infd.edu.ar\/sitio\/wp-content\/uploads\/2026\/02\/qr-preinsripcion.jpg 1024w\" sizes=\"(max-width: 174px) 100vw, 174px\" \/><\/a><\/p>\n<p>DOCUMENTACI\u00d3N A PRESENTAR EN EL INSTITUTO PARA LA INSCRIPCI\u00d3N:<\/p>\n<ul>\n<li>Planilla de Inscripci\u00f3n completa. Descargar: <a href=\"https:\/\/isp6-sfe.infd.edu.ar\/sitio\/wp-content\/uploads\/2022\/12\/PLANILLA-INSCRIPCION-A-1ER-AO-PARA-COMPLETAR.pdf\">PLANILLA-INSCRIPCION-A-1ER-A#O-PARA-COMPLETAR<\/a><\/li>\n<li>Fotocopia DNI (Frente y dorso)<\/li>\n<li>Fotocopia de Partida de Nacimiento (v\u00e1lido para partidas que se pueden visualizar a trav\u00e9s de SIGAE WEB,\u00a0 de no ser posible se solicitar\u00e1 partida actualizada emitida por el Registro Civil correspondiente).<\/li>\n<li>Fotocopia del T\u00edtulo secundario o constancia de T\u00edtulo en tr\u00e1mite<\/li>\n<li>2 Fotos Actuales 4&#215;4 Color.<\/li>\n<li>Certificado de Vecindad.<\/li>\n<li>Certificado de Buena Salud.<\/li>\n<\/ul>\n<p>\u00b0* Concurrir con los originales de las fotocopias para su certificaci\u00f3n.<\/p>\n<div><strong>Plazo de inscripci\u00f3n: hasta el 06\/05\/2026<\/strong><\/div>\n<div><\/div>\n<div>Actualizado: 11\/02\/2026<\/div>\n","protected":false},"excerpt":{"rendered":"<p>1er paso: completar el formulario de pre-inscripci\u00f3n disponible en DOCUMENTACI\u00d3N A PRESENTAR EN EL INSTITUTO PARA LA INSCRIPCI\u00d3N: Planilla de Inscripci\u00f3n completa. Descargar: PLANILLA-INSCRIPCION-A-1ER-A#O-PARA-COMPLETAR Fotocopia DNI (Frente y dorso) Fotocopia de Partida de Nacimiento (v\u00e1lido para partidas que se pueden visualizar a trav\u00e9s de SIGAE WEB,\u00a0 de no ser posible se solicitar\u00e1 partida actualizada emitida &#8230; <a title=\"Inscripci\u00f3n 2026\" class=\"read-more\" href=\"https:\/\/isp6-sfe.infd.edu.ar\/sitio\/inscripcion-2026\/\" aria-label=\"More on Inscripci\u00f3n 2026\">[+]<\/a><\/p>\n","protected":false},"author":343,"featured_media":0,"parent":0,"menu_order":0,"comment_status":"closed","ping_status":"closed","template":"","meta":[],"acf":[],"_links":{"self":[{"href":"https:\/\/isp6-sfe.infd.edu.ar\/sitio\/wp-json\/wp\/v2\/pages\/1222"}],"collection":[{"href":"https:\/\/isp6-sfe.infd.edu.ar\/sitio\/wp-json\/wp\/v2\/pages"}],"about":[{"href":"https:\/\/isp6-sfe.infd.edu.ar\/sitio\/wp-json\/wp\/v2\/types\/page"}],"author":[{"embeddable":true,"href":"https:\/\/isp6-sfe.infd.edu.ar\/sitio\/wp-json\/wp\/v2\/users\/343"}],"replies":[{"embeddable":true,"href":"https:\/\/isp6-sfe.infd.edu.ar\/sitio\/wp-json\/wp\/v2\/comments?post=1222"}],"version-history":[{"count":22,"href":"https:\/\/isp6-sfe.infd.edu.ar\/sitio\/wp-json\/wp\/v2\/pages\/1222\/revisions"}],"predecessor-version":[{"id":3622,"href":"https:\/\/isp6-sfe.infd.edu.ar\/sitio\/wp-json\/wp\/v2\/pages\/1222\/revisions\/3622"}],"wp:attachment":[{"href":"https:\/\/isp6-sfe.infd.edu.ar\/sitio\/wp-json\/wp\/v2\/media?parent=1222"}],"curies":[{"name":"wp","href":"https:\/\/api.w.org\/{rel}","templated":true}]}}